{"id":98,"date":"2023-11-10T07:28:08","date_gmt":"2023-11-10T07:28:08","guid":{"rendered":"https:\/\/sonikhub.com\/shop\/?post_type=product&#038;p=98"},"modified":"2024-04-03T18:27:27","modified_gmt":"2024-04-03T18:27:27","slug":"feeling-happy-song-playera-manga-larga","status":"publish","type":"product","link":"https:\/\/sonikhub.com\/shop\/producto\/feeling-happy-song-playera-manga-larga\/","title":{"rendered":"Feeling &#8211; Happy Song Playera Manga Larga"},"content":{"rendered":"","protected":false},"excerpt":{"rendered":"<p><strong>\u00abPasi\u00f3n en Cada Punto\u00bb<\/strong><\/p>\n<p>El arte y el estilo se fusionan para crear prendas \u00fanicas. Una declaraci\u00f3n de amor por los ritmos y melod\u00edas que llenan nuestra vida.<\/p>\n<div>\n<div>\n<div>Playera manga larga 50% algod\u00f3n y 50% poli\u00e9ster<\/div>\n<\/div>\n<\/div>\n<p><span style=\"font-size: 75%;\"><em>Impuestos locales incluidos<\/em><\/span><\/p>\n","protected":false},"featured_media":117,"comment_status":"open","ping_status":"closed","template":"","meta":[],"product_brand":[],"product_cat":[18],"product_tag":[],"class_list":{"0":"post-98","1":"product","2":"type-product","3":"status-publish","4":"has-post-thumbnail","6":"product_cat-playeras","8":"first","9":"instock","10":"shipping-taxable","11":"purchasable","12":"product-type-variable","13":"has-default-attributes"},"_links":{"self":[{"href":"https:\/\/sonikhub.com\/shop\/wp-json\/wp\/v2\/product\/98","targetHints":{"allow":["GET"]}}],"collection":[{"href":"https:\/\/sonikhub.com\/shop\/wp-json\/wp\/v2\/product"}],"about":[{"href":"https:\/\/sonikhub.com\/shop\/wp-json\/wp\/v2\/types\/product"}],"replies":[{"embeddable":true,"href":"https:\/\/sonikhub.com\/shop\/wp-json\/wp\/v2\/comments?post=98"}],"wp:featuredmedia":[{"embeddable":true,"href":"https:\/\/sonikhub.com\/shop\/wp-json\/wp\/v2\/media\/117"}],"wp:attachment":[{"href":"https:\/\/sonikhub.com\/shop\/wp-json\/wp\/v2\/media?parent=98"}],"wp:term":[{"taxonomy":"product_brand","embeddable":true,"href":"https:\/\/sonikhub.com\/shop\/wp-json\/wp\/v2\/product_brand?post=98"},{"taxonomy":"product_cat","embeddable":true,"href":"https:\/\/sonikhub.com\/shop\/wp-json\/wp\/v2\/product_cat?post=98"},{"taxonomy":"product_tag","embeddable":true,"href":"https:\/\/sonikhub.com\/shop\/wp-json\/wp\/v2\/product_tag?post=98"}],"curies":[{"name":"wp","href":"https:\/\/api.w.org\/{rel}","templated":true}]}}