{"id":77,"date":"2023-10-15T07:56:01","date_gmt":"2023-10-15T07:56:01","guid":{"rendered":"https:\/\/sonikhub.com\/shop\/?post_type=product&#038;p=77"},"modified":"2023-10-29T01:11:34","modified_gmt":"2023-10-29T01:11:34","slug":"tecno-nina","status":"publish","type":"product","link":"https:\/\/sonikhub.com\/shop\/producto\/tecno-nina\/","title":{"rendered":"Tecno-Ni\u00f1a"},"content":{"rendered":"","protected":false},"excerpt":{"rendered":"<h3>Impresi\u00f3n en Risograf\u00eda<\/h3>\n<div><\/div>\n<div><b>Underground Periodismo Internacional\u00a0<\/b><\/div>\n<div>Artista: Manuel Sosa<\/div>\n<div>Obra: Tecno-Ni\u00f1a<\/div>\n<div><\/div>\n<div><span style=\"font-size: 75%;\"><em>Impuestos locales incluidos<\/em><\/span><\/div>\n","protected":false},"featured_media":78,"comment_status":"open","ping_status":"closed","template":"","meta":[],"product_brand":[],"product_cat":[19],"product_tag":[22,21],"class_list":{"0":"post-77","1":"product","2":"type-product","3":"status-publish","4":"has-post-thumbnail","6":"product_cat-prints","7":"product_tag-manuel-sosa","8":"product_tag-underground-periodismo-internacional","10":"first","11":"instock","12":"shipping-taxable","13":"purchasable","14":"product-type-simple"},"_links":{"self":[{"href":"https:\/\/sonikhub.com\/shop\/wp-json\/wp\/v2\/product\/77","targetHints":{"allow":["GET"]}}],"collection":[{"href":"https:\/\/sonikhub.com\/shop\/wp-json\/wp\/v2\/product"}],"about":[{"href":"https:\/\/sonikhub.com\/shop\/wp-json\/wp\/v2\/types\/product"}],"replies":[{"embeddable":true,"href":"https:\/\/sonikhub.com\/shop\/wp-json\/wp\/v2\/comments?post=77"}],"wp:featuredmedia":[{"embeddable":true,"href":"https:\/\/sonikhub.com\/shop\/wp-json\/wp\/v2\/media\/78"}],"wp:attachment":[{"href":"https:\/\/sonikhub.com\/shop\/wp-json\/wp\/v2\/media?parent=77"}],"wp:term":[{"taxonomy":"product_brand","embeddable":true,"href":"https:\/\/sonikhub.com\/shop\/wp-json\/wp\/v2\/product_brand?post=77"},{"taxonomy":"product_cat","embeddable":true,"href":"https:\/\/sonikhub.com\/shop\/wp-json\/wp\/v2\/product_cat?post=77"},{"taxonomy":"product_tag","embeddable":true,"href":"https:\/\/sonikhub.com\/shop\/wp-json\/wp\/v2\/product_tag?post=77"}],"curies":[{"name":"wp","href":"https:\/\/api.w.org\/{rel}","templated":true}]}}