{"id":44,"date":"2023-08-11T08:32:01","date_gmt":"2023-08-11T08:32:01","guid":{"rendered":"https:\/\/sonikhub.com\/shop\/?post_type=product&#038;p=44"},"modified":"2023-12-23T09:12:00","modified_gmt":"2023-12-23T09:12:00","slug":"pin-sonikhub","status":"publish","type":"product","link":"https:\/\/sonikhub.com\/shop\/producto\/pin-sonikhub\/","title":{"rendered":"Pin SONIKHUB"},"content":{"rendered":"","protected":false},"excerpt":{"rendered":"<p><strong>\u00abArte en Miniatura\u00bb<\/strong><\/p>\n<p>Peque\u00f1as obras de arte que te permiten llevar la pasi\u00f3n por la m\u00fasica o el arte contigo a donde vayas.\u00a0 Colecci\u00f3nalos y expr\u00e9sate con tu propia obra de arte personal en cada prenda.<\/p>\n<p><span style=\"font-size: 75%;\"><em style=\"color: #333333;\">Impuestos locales incluidos<\/em><\/span><\/p>\n<p>&nbsp;<\/p>\n<p>&nbsp;<\/p>\n<p>&nbsp;<\/p>\n","protected":false},"featured_media":45,"comment_status":"open","ping_status":"closed","template":"","meta":[],"product_brand":[],"product_cat":[16],"product_tag":[],"class_list":{"0":"post-44","1":"product","2":"type-product","3":"status-publish","4":"has-post-thumbnail","6":"product_cat-pins","8":"first","9":"outofstock","10":"shipping-taxable","11":"purchasable","12":"product-type-simple"},"_links":{"self":[{"href":"https:\/\/sonikhub.com\/shop\/wp-json\/wp\/v2\/product\/44","targetHints":{"allow":["GET"]}}],"collection":[{"href":"https:\/\/sonikhub.com\/shop\/wp-json\/wp\/v2\/product"}],"about":[{"href":"https:\/\/sonikhub.com\/shop\/wp-json\/wp\/v2\/types\/product"}],"replies":[{"embeddable":true,"href":"https:\/\/sonikhub.com\/shop\/wp-json\/wp\/v2\/comments?post=44"}],"wp:featuredmedia":[{"embeddable":true,"href":"https:\/\/sonikhub.com\/shop\/wp-json\/wp\/v2\/media\/45"}],"wp:attachment":[{"href":"https:\/\/sonikhub.com\/shop\/wp-json\/wp\/v2\/media?parent=44"}],"wp:term":[{"taxonomy":"product_brand","embeddable":true,"href":"https:\/\/sonikhub.com\/shop\/wp-json\/wp\/v2\/product_brand?post=44"},{"taxonomy":"product_cat","embeddable":true,"href":"https:\/\/sonikhub.com\/shop\/wp-json\/wp\/v2\/product_cat?post=44"},{"taxonomy":"product_tag","embeddable":true,"href":"https:\/\/sonikhub.com\/shop\/wp-json\/wp\/v2\/product_tag?post=44"}],"curies":[{"name":"wp","href":"https:\/\/api.w.org\/{rel}","templated":true}]}}