{"id":218,"date":"2024-02-16T07:43:36","date_gmt":"2024-02-16T07:43:36","guid":{"rendered":"https:\/\/sonikhub.com\/shop\/?post_type=product&#038;p=218"},"modified":"2024-02-16T07:55:09","modified_gmt":"2024-02-16T07:55:09","slug":"performance-con-dedicatoria","status":"publish","type":"product","link":"https:\/\/sonikhub.com\/shop\/producto\/performance-con-dedicatoria\/","title":{"rendered":"Performance con dedicatoria"},"content":{"rendered":"","protected":false},"excerpt":{"rendered":"<ul>\n<li>Video con dedicatoria de alg\u00fan performance (fragmento de una obra de ballet, declamaci\u00f3n, etc.), que contendr\u00e1 un saludo, motivo del video, un comentario de la obra solicitada, la interpretaci\u00f3n o ejecuci\u00f3n de la obra y una despedida.<\/li>\n<li>Interpretaci\u00f3n colaborativa (un video donde el fan interpreta junto con el artista una obra)<\/li>\n<\/ul>\n","protected":false},"featured_media":219,"comment_status":"open","ping_status":"closed","template":"","meta":[],"product_brand":[],"product_cat":[44],"product_tag":[],"class_list":{"0":"post-218","1":"product","2":"type-product","3":"status-publish","4":"has-post-thumbnail","6":"product_cat-servicios","8":"first","9":"instock","10":"shipping-taxable","11":"purchasable","12":"product-type-simple"},"_links":{"self":[{"href":"https:\/\/sonikhub.com\/shop\/wp-json\/wp\/v2\/product\/218","targetHints":{"allow":["GET"]}}],"collection":[{"href":"https:\/\/sonikhub.com\/shop\/wp-json\/wp\/v2\/product"}],"about":[{"href":"https:\/\/sonikhub.com\/shop\/wp-json\/wp\/v2\/types\/product"}],"replies":[{"embeddable":true,"href":"https:\/\/sonikhub.com\/shop\/wp-json\/wp\/v2\/comments?post=218"}],"wp:featuredmedia":[{"embeddable":true,"href":"https:\/\/sonikhub.com\/shop\/wp-json\/wp\/v2\/media\/219"}],"wp:attachment":[{"href":"https:\/\/sonikhub.com\/shop\/wp-json\/wp\/v2\/media?parent=218"}],"wp:term":[{"taxonomy":"product_brand","embeddable":true,"href":"https:\/\/sonikhub.com\/shop\/wp-json\/wp\/v2\/product_brand?post=218"},{"taxonomy":"product_cat","embeddable":true,"href":"https:\/\/sonikhub.com\/shop\/wp-json\/wp\/v2\/product_cat?post=218"},{"taxonomy":"product_tag","embeddable":true,"href":"https:\/\/sonikhub.com\/shop\/wp-json\/wp\/v2\/product_tag?post=218"}],"curies":[{"name":"wp","href":"https:\/\/api.w.org\/{rel}","templated":true}]}}